{"id":11404,"date":"2026-03-21T15:57:17","date_gmt":"2026-03-21T14:57:17","guid":{"rendered":"https:\/\/prenova.vrumvrum.si\/fuer-unternehmen-b2b\/"},"modified":"2026-03-21T16:14:03","modified_gmt":"2026-03-21T15:14:03","slug":"fuer-unternehmen-b2b","status":"publish","type":"page","link":"https:\/\/prenova.vrumvrum.si\/de\/fuer-unternehmen-b2b\/","title":{"rendered":"F\u00fcr Unternehmen (B2B)"},"content":{"rendered":"\t\t<div data-elementor-type=\"wp-post\" data-elementor-id=\"11404\" class=\"elementor elementor-11404 elementor-11392\" data-elementor-post-type=\"page\">\n\t\t\t\t<div class=\"elementor-element elementor-element-425a925 e-flex e-con-boxed e-con e-parent\" data-id=\"425a925\" data-element_type=\"container\" data-e-type=\"container\">\n\t\t\t\t\t<div class=\"e-con-inner\">\n\t\t\t\t<div class=\"elementor-element elementor-element-c7cc15e elementor-widget elementor-widget-heading\" data-id=\"c7cc15e\" data-element_type=\"widget\" data-e-type=\"widget\" data-widget_type=\"heading.default\">\n\t\t\t\t\t<h1 class=\"elementor-heading-title elementor-size-default\">F\u00fcr Unternehmen (B2B)<\/h1>\t\t\t\t<\/div>\n\t\t\t\t<div class=\"elementor-element elementor-element-7bf3156 elementor-widget elementor-widget-text-editor\" data-id=\"7bf3156\" data-element_type=\"widget\" data-e-type=\"widget\" data-widget_type=\"text-editor.default\">\n\t\t\t\t\t\t\t\t\t<div><strong>VrumVrum<\/strong> kann Ihr Partner f\u00fcr einzigartige Produkte sein, die Ihre Marke oder Ihre Leidenschaft f\u00fcr Autos auf originelle Weise pr\u00e4sentieren. Wir bieten <strong>dekorative 3D-Kissen in Autoform<\/strong>, die ansprechendes Design, hochwertige Verarbeitung und einen spielerischen Zugang zur Automobilkultur vereinen. <\/div><div> <\/div><div>Wir k\u00f6nnen <strong>personalisierte Kissen oder spezielle Serien<\/strong> herstellen, die optisch hervorstechen und Aufmerksamkeit erregen \u2013 sei es als Dekoration, Geschenk oder Werbeartikel mit Charakter.<\/div><div> <\/div><div>Wir arbeiten mit Automobilclubs, Unternehmen, Event-Organisatoren, Museen und Marken zusammen, die etwas Besonderes anbieten m\u00f6chten. Unsere Kissen sind kein klassischer Werbeartikel \u2013 sie sind ein <strong>interessantes und langlebiges Produkt, das Menschen gerne zu Hause oder im Auto ausstellen<\/strong>. <\/div><div> <\/div><div><strong>Geeignet f\u00fcr:<\/strong><br>\u2705 Gesch\u00e4ftsgeschenke f\u00fcr Partner oder Mitarbeiter<br>\u2705 Werbeartikel f\u00fcr Auto-Events oder Messen<br>\u2705 Automobilclubs und -gemeinschaften<br>\u2705 Museen, Gesch\u00e4fte oder spezielle Verkaufsreihen<br>\u2705 Unternehmen, die ein einzigartiges Textilprodukt mit Automobilthema anbieten m\u00f6chten<\/div><div> <\/div><div><strong>Kleinere personalisierte Serien oder gr\u00f6\u00dfere Bestellungen<\/strong> sind m\u00f6glich. Jedes Projekt behandeln wir individuell und begleiten Sie von der Idee bis zum fertigen Produkt. <\/div><div> <\/div><div>Kontakt: <a href=\"mailto:info@vrumvrum.si\" target=\"_blank\" rel=\"noopener\">info@vrumvrum.si<\/a><\/div>\t\t\t\t\t\t\t\t<\/div>\n\t\t\t\t\t<\/div>\n\t\t\t\t<\/div>\n\t\t\t\t<\/div>\n\t\t","protected":false},"excerpt":{"rendered":"<p>F\u00fcr Unternehmen (B2B) VrumVrum kann Ihr Partner f\u00fcr einzigartige Produkte sein, die Ihre Marke oder Ihre Leidenschaft f\u00fcr Autos auf originelle Weise pr\u00e4sentieren. Wir bieten dekorative 3D-Kissen in Autoform, die ansprechendes Design, hochwertige Verarbeitung und einen spielerischen Zugang zur Automobilkultur vereinen. Wir k\u00f6nnen personalisierte Kissen oder spezielle Serien herstellen, die optisch hervorstechen und Aufmerksamkeit erregen [&hellip;]<\/p>\n","protected":false},"author":2,"featured_media":6665,"parent":0,"menu_order":7,"comment_status":"closed","ping_status":"closed","template":"elementor_header_footer","meta":{"footnotes":""},"class_list":["post-11404","page","type-page","status-publish","has-post-thumbnail","hentry"],"_links":{"self":[{"href":"https:\/\/prenova.vrumvrum.si\/de\/wp-json\/wp\/v2\/pages\/11404","targetHints":{"allow":["GET"]}}],"collection":[{"href":"https:\/\/prenova.vrumvrum.si\/de\/wp-json\/wp\/v2\/pages"}],"about":[{"href":"https:\/\/prenova.vrumvrum.si\/de\/wp-json\/wp\/v2\/types\/page"}],"author":[{"embeddable":true,"href":"https:\/\/prenova.vrumvrum.si\/de\/wp-json\/wp\/v2\/users\/2"}],"replies":[{"embeddable":true,"href":"https:\/\/prenova.vrumvrum.si\/de\/wp-json\/wp\/v2\/comments?post=11404"}],"version-history":[{"count":1,"href":"https:\/\/prenova.vrumvrum.si\/de\/wp-json\/wp\/v2\/pages\/11404\/revisions"}],"predecessor-version":[{"id":11405,"href":"https:\/\/prenova.vrumvrum.si\/de\/wp-json\/wp\/v2\/pages\/11404\/revisions\/11405"}],"wp:featuredmedia":[{"embeddable":true,"href":"https:\/\/prenova.vrumvrum.si\/de\/wp-json\/wp\/v2\/media\/6665"}],"wp:attachment":[{"href":"https:\/\/prenova.vrumvrum.si\/de\/wp-json\/wp\/v2\/media?parent=11404"}],"curies":[{"name":"wp","href":"https:\/\/api.w.org\/{rel}","templated":true}]}}