{"id":10030,"date":"2025-06-01T10:01:06","date_gmt":"2025-06-01T08:01:06","guid":{"rendered":"https:\/\/prenova.vrumvrum.si\/trgovina\/scania-r-serie\/"},"modified":"2025-08-11T20:48:48","modified_gmt":"2025-08-11T18:48:48","slug":"scania-r-serie","status":"publish","type":"product","link":"https:\/\/prenova.vrumvrum.si\/de\/trgovina\/scania-r-serie\/","title":{"rendered":"Scania R-serie"},"content":{"rendered":"<p><strong>Produktinformation<\/strong><\/p>\n<hr \/>\n<p>Abdeckung<\/p>\n<ul>\n<li>Material: 100 % Polyester<\/li>\n<li>Waschen: 40\u00b0C<\/li>\n<li>Bleichen ist nicht erlaubt.<\/li>\n<li>Das Trocknen im Trockner ist nicht gestattet.<\/li>\n<li>B\u00fcgeln ist nicht gestattet.<\/li>\n<li>Eine chemische Reinigung ist nicht gestattet.<\/li>\n<li>Immer mit \u00e4hnlichen Farben waschen, nicht bleichen oder im Trockner trocknen.<\/li>\n<\/ul>\n<p>F\u00fcllstoff<\/p>\n<ul>\n<li>Material: Polyurethanschaum<\/li>\n<\/ul>\n<p>Hergestellt in der EU<\/p>\n","protected":false},"excerpt":{"rendered":"<p>Scania R-Serie auf dem Sofa? Warum nicht?! Dieses weiche, 56 cm lange Kissen in Form eines LKWs f\u00e4llt \u00fcberall auf, wo man es platziert. Ein perfektes Geschenk f\u00fcr alle Fans der Stra\u00dfenriesen!<\/p>\n<p>Der Bezug ist abnehmbar und maschinenwaschbar. Die Innenseite ist mit Polyurethanschaum gef\u00fcllt und l\u00e4sst sich mit einem Rei\u00dfverschluss \u00f6ffnen und schlie\u00dfen.<\/p>\n<p><strong>Einzelheiten<\/strong><\/p>\n<ul>\n<li>Farbe: blau<\/li>\n<li>Abmessungen (cm): 56\u00d716\u00d79<\/li>\n<li>Material: Stoff<\/li>\n<li>Bezug: 100 % Polyester<\/li>\n<li>F\u00fcllung: Polyurethanschaum<\/li>\n<\/ul>\n","protected":false},"featured_media":10018,"comment_status":"open","ping_status":"closed","template":"","meta":{"uix_meta_title":"","uix_meta_description":"","uix_canonical_url":""},"product_brand":[],"product_cat":[170,344,477],"product_tag":[],"class_list":{"0":"post-10030","1":"product","2":"type-product","3":"status-publish","4":"has-post-thumbnail","6":"product_cat-dekorative-kissen","7":"product_cat-lkv","8":"product_cat-scania-de","10":"first","11":"instock","12":"taxable","13":"shipping-taxable","14":"purchasable","15":"product-type-variable","16":"has-default-attributes"},"_links":{"self":[{"href":"https:\/\/prenova.vrumvrum.si\/de\/wp-json\/wp\/v2\/product\/10030","targetHints":{"allow":["GET"]}}],"collection":[{"href":"https:\/\/prenova.vrumvrum.si\/de\/wp-json\/wp\/v2\/product"}],"about":[{"href":"https:\/\/prenova.vrumvrum.si\/de\/wp-json\/wp\/v2\/types\/product"}],"replies":[{"embeddable":true,"href":"https:\/\/prenova.vrumvrum.si\/de\/wp-json\/wp\/v2\/comments?post=10030"}],"wp:featuredmedia":[{"embeddable":true,"href":"https:\/\/prenova.vrumvrum.si\/de\/wp-json\/wp\/v2\/media\/10018"}],"wp:attachment":[{"href":"https:\/\/prenova.vrumvrum.si\/de\/wp-json\/wp\/v2\/media?parent=10030"}],"wp:term":[{"taxonomy":"product_brand","embeddable":true,"href":"https:\/\/prenova.vrumvrum.si\/de\/wp-json\/wp\/v2\/product_brand?post=10030"},{"taxonomy":"product_cat","embeddable":true,"href":"https:\/\/prenova.vrumvrum.si\/de\/wp-json\/wp\/v2\/product_cat?post=10030"},{"taxonomy":"product_tag","embeddable":true,"href":"https:\/\/prenova.vrumvrum.si\/de\/wp-json\/wp\/v2\/product_tag?post=10030"}],"curies":[{"name":"wp","href":"https:\/\/api.w.org\/{rel}","templated":true}]}}