{"id":9003,"date":"2023-08-16T11:03:01","date_gmt":"2023-08-16T09:03:01","guid":{"rendered":"https:\/\/prenova.vrumvrum.si\/livraison\/"},"modified":"2025-02-24T19:41:00","modified_gmt":"2025-02-24T18:41:00","slug":"livraison","status":"publish","type":"page","link":"https:\/\/prenova.vrumvrum.si\/fr\/livraison\/","title":{"rendered":"Livraison"},"content":{"rendered":"\t\t<div data-elementor-type=\"wp-page\" data-elementor-id=\"9003\" class=\"elementor elementor-9003 elementor-4455\" data-elementor-post-type=\"page\">\n\t\t\t\t<div class=\"elementor-element elementor-element-c270446 e-flex e-con-boxed e-con e-parent\" data-id=\"c270446\" data-element_type=\"container\" data-e-type=\"container\">\n\t\t\t\t\t<div class=\"e-con-inner\">\n\t\t\t\t<div class=\"elementor-element elementor-element-ef1deb4 elementor-widget elementor-widget-text-editor\" data-id=\"ef1deb4\" data-element_type=\"widget\" data-e-type=\"widget\" data-widget_type=\"text-editor.default\">\n\t\t\t\t\t\t\t\t\t<h1>Frais de livraison<\/h1>\n<p>Les coussins sont envoy\u00e9s par la poste slov\u00e8ne. Tous les envois sont accompagn\u00e9s d&#8217;un suivi. <\/p>\n<p>Les frais d&#8217;emballage et de livraison sont calcul\u00e9s au poids selon le tableau suivant :<\/p>\n<h2>Slov\u00e9nie<\/h2>\n<table cellspacing=\"0\" cellpadding=\"0\">\n<tbody>\n<tr>\n<td valign=\"top\">\n<p>collection personnelle \u00e0 Kranj<\/p>\n<\/td>\n<td valign=\"top\">\n<p>gratuit<span class=\"Apple-converted-space\">&nbsp;<\/span><\/p>\n<\/td>\n<\/tr>\n<tr>\n<td valign=\"top\">\n<p>0 \u00e0 500g<\/p>\n<\/td>\n<td valign=\"top\">\n<p>3,85\u20ac<\/p>\n<\/td>\n<\/tr>\n<tr>\n<td valign=\"top\">\n<p>501 \u00e0 1000g<\/p>\n<\/td>\n<td valign=\"top\">\n<p>4,50\u20ac<\/p>\n<\/td>\n<\/tr>\n<tr>\n<td valign=\"top\">\n<p>\u00e0 partir de 1001g<\/p>\n<\/td>\n<td valign=\"top\">\n<p>6,30\u20ac<\/p>\n<\/td>\n<\/tr>\n<\/tbody>\n<\/table>\n<h2>Autres pays de l&#8217;UE<\/h2>\n<p>Allemagne, Autriche, Belgique, Bulgarie, Croatie, Espagne, Estonie, Finlande, France, Gr\u00e8ce, Hongrie, Irlande, Lettonie, Lituanie, Luxembourg, Malte, Pologne, Chypre, Danemark, Italie, Pays-Bas, Portugal, R\u00e9publique tch\u00e8que, Roumanie, Slovaquie, Su\u00e8de.<\/p>\n<table cellspacing=\"0\" cellpadding=\"0\">\n<tbody>\n<tr>\n<td valign=\"top\">\n<p>0 \u00e0 100g<\/p>\n<\/td>\n<td valign=\"top\">\n<p>5,60\u20ac<\/p>\n<\/td>\n<\/tr>\n<tr>\n<td valign=\"top\">\n<p>101 \u00e0 250 g<\/p>\n<\/td>\n<td valign=\"top\">\n<p>6,90\u20ac<\/p>\n<\/td>\n<\/tr>\n<tr>\n<td valign=\"top\">\n<p>251 \u00e0 500g<\/p>\n<\/td>\n<td valign=\"top\">\n<p>7,50\u20ac<\/p>\n<\/td>\n<\/tr>\n<tr>\n<td valign=\"top\">\n<p>501 \u00e0 1000g<\/p>\n<\/td>\n<td valign=\"top\">\n<p>8,90\u20ac<\/p>\n<\/td>\n<\/tr>\n<tr>\n<td valign=\"top\">\n<p>\u00e0 partir de 1001g<\/p>\n<\/td>\n<td valign=\"top\">\n<p>19,50\u20ac<\/p>\n<\/td>\n<\/tr>\n<\/tbody>\n<\/table>\n<h2>Autres pays europ\u00e9ens<\/h2>\n<p>Bosnie-Herz\u00e9govine, Mont\u00e9n\u00e9gro, Norv\u00e8ge, Mac\u00e9doine du Nord, Serbie, Suisse, Royaume-Uni<\/p>\n<table cellspacing=\"0\" cellpadding=\"0\">\n<tbody>\n<tr>\n<td valign=\"top\">\n<p>0 \u00e0 100g<\/p>\n<\/td>\n<td valign=\"top\">\n<p>5,90\u20ac<\/p>\n<\/td>\n<\/tr>\n<tr>\n<td valign=\"top\">\n<p>101 \u00e0 250 g<\/p>\n<\/td>\n<td valign=\"top\">\n<p>7,60\u20ac<\/p>\n<\/td>\n<\/tr>\n<tr>\n<td valign=\"top\">\n<p>251 \u00e0 500g<\/p>\n<\/td>\n<td valign=\"top\">\n<p>9,60\u20ac<\/p>\n<\/td>\n<\/tr>\n<tr>\n<td valign=\"top\">\n<p>501 \u00e0 1000g<\/p>\n<\/td>\n<td valign=\"top\">\n<p>13,30\u20ac<\/p>\n<\/td>\n<\/tr>\n<tr>\n<td valign=\"top\">\n<p>\u00e0 partir de 1001g<\/p>\n<\/td>\n<td valign=\"top\">\n<p>22,50\u20ac<\/p>\n<\/td>\n<\/tr>\n<\/tbody>\n<\/table>\n<h2>Reste du monde<\/h2>\n<p>Australie, Canada, Japon, Nouvelle-Z\u00e9lande, Afrique du Sud, Turquie, \u00c9tats-Unis d&#8217;Am\u00e9rique (USA)<\/p>\n<table cellspacing=\"0\" cellpadding=\"0\">\n<tbody>\n<tr>\n<td valign=\"top\">\n<p>0 \u00e0 100g<\/p>\n<\/td>\n<td valign=\"top\">\n<p>6,90\u20ac<\/p>\n<\/td>\n<\/tr>\n<tr>\n<td valign=\"top\">\n<p>101 \u00e0 250 g<\/p>\n<\/td>\n<td valign=\"top\">\n<p>9,50\u20ac<\/p>\n<\/td>\n<\/tr>\n<tr>\n<td valign=\"top\">\n<p>251 \u00e0 500g<\/p>\n<\/td>\n<td valign=\"top\">\n<p>11,90\u20ac<\/p>\n<\/td>\n<\/tr>\n<tr>\n<td valign=\"top\">\n<p>501 \u00e0 1000g<\/p>\n<\/td>\n<td valign=\"top\">\n<p>16,30\u20ac<\/p>\n<\/td>\n<\/tr>\n<tr>\n<td valign=\"top\">\n<p>\u00e0 partir de 1001g<\/p>\n<\/td>\n<td valign=\"top\">\n<p>42,50\u20ac<\/p>\n<\/td>\n<\/tr>\n<\/tbody>\n<\/table>\n<p>Vous pouvez v\u00e9rifier le poids de chaque coussin sur la page du produit, sous l&#8217;onglet <em>Informations compl\u00e9mentaires.<\/em><\/p>\n<p>Nous livrons dans le monde entier. Si votre pays ne figure pas dans la liste, veuillez nous contacter \u00e0 l&#8217;adresse <a href=\"mailto:info@vrumvrum.si\">info@vrumvrum.si<\/a> ou nous envoyer un message sur <a href=\"https:\/\/m.me\/VrumVrum.si\" target=\"_blank\" rel=\"noopener\">Facebook Messenger.<\/a> <\/p>\t\t\t\t\t\t\t\t<\/div>\n\t\t\t\t\t<\/div>\n\t\t\t\t<\/div>\n\t\t\t\t<\/div>\n\t\t","protected":false},"excerpt":{"rendered":"<p>Frais de livraison Les coussins sont envoy\u00e9s par la poste slov\u00e8ne. Tous&#8230;<\/p>\n","protected":false},"author":2,"featured_media":0,"parent":0,"menu_order":12,"comment_status":"closed","ping_status":"closed","template":"","meta":{"uix_meta_title":"","uix_meta_description":"","uix_canonical_url":"","footnotes":""},"class_list":["post-9003","page","type-page","status-publish","hentry"],"_links":{"self":[{"href":"https:\/\/prenova.vrumvrum.si\/fr\/wp-json\/wp\/v2\/pages\/9003","targetHints":{"allow":["GET"]}}],"collection":[{"href":"https:\/\/prenova.vrumvrum.si\/fr\/wp-json\/wp\/v2\/pages"}],"about":[{"href":"https:\/\/prenova.vrumvrum.si\/fr\/wp-json\/wp\/v2\/types\/page"}],"author":[{"embeddable":true,"href":"https:\/\/prenova.vrumvrum.si\/fr\/wp-json\/wp\/v2\/users\/2"}],"replies":[{"embeddable":true,"href":"https:\/\/prenova.vrumvrum.si\/fr\/wp-json\/wp\/v2\/comments?post=9003"}],"version-history":[{"count":0,"href":"https:\/\/prenova.vrumvrum.si\/fr\/wp-json\/wp\/v2\/pages\/9003\/revisions"}],"wp:attachment":[{"href":"https:\/\/prenova.vrumvrum.si\/fr\/wp-json\/wp\/v2\/media?parent=9003"}],"curies":[{"name":"wp","href":"https:\/\/api.w.org\/{rel}","templated":true}]}}