{"id":10064,"date":"2024-11-05T15:01:36","date_gmt":"2024-11-05T14:01:36","guid":{"rendered":"https:\/\/prenova.vrumvrum.si\/trgovina\/uaz-452\/"},"modified":"2025-09-10T10:19:18","modified_gmt":"2025-09-10T08:19:18","slug":"uaz-452","status":"publish","type":"product","link":"https:\/\/prenova.vrumvrum.si\/fr\/trgovina\/uaz-452\/","title":{"rendered":"UAZ 452"},"content":{"rendered":"<p><strong>Informations sur le produit<\/strong><\/p>\n<hr \/>\n<p>Housse<\/p>\n<ul>\n<li>Mat\u00e9riau : 100 % polyester<\/li>\n<li>Lavage \u00e0 40 \u00b0C<\/li>\n<li>Blanchiment interdit<\/li>\n<li>S\u00e9chage en machine interdit<\/li>\n<li>Repassage interdit<\/li>\n<li>Nettoyage \u00e0 sec interdit<\/li>\n<li>Laver toujours avec des couleurs similaires, ne pas blanchir ni s\u00e9cher en machine.<\/li>\n<\/ul>\n<p>Garnissage<\/p>\n<ul>\n<li>Mat\u00e9riau : mousse de polyur\u00e9thane<\/li>\n<\/ul>\n<p>Fabriqu\u00e9 dans l&#8217;UE<\/p>\n","protected":false},"excerpt":{"rendered":"<p>Ce coussin d\u00e9coratif en forme du l\u00e9gendaire fourgon sovi\u00e9tique UAZ 452 est un ajout original et charmant \u00e0 tout int\u00e9rieur ou v\u00e9hicule. Il attirera tous les regards dans un salon ou sur la plage arri\u00e8re d\u2019une voiture. Un cadeau id\u00e9al pour les passionn\u00e9s de v\u00e9hicules classiques du bloc de l\u2019Est !<\/p>\n<p>La housse est amovible et lavable en machine. Il est rembourr\u00e9 avec de la mousse en polyur\u00e9thane et s&#8217;ouvre et se ferme avec une fermeture \u00e9clair.<\/p>\n<p><strong>D\u00e9tails<\/strong><\/p>\n<ul>\n<li>Couleur : vert olive<\/li>\n<li>Dimensions (cm): 30\u00d715\u00d712<\/li>\n<li>Mat\u00e9riau : tissu<\/li>\n<li>Housse : 100 % polyester<\/li>\n<li>Rembourrage : mousse en polyur\u00e9thane<\/li>\n<\/ul>\n","protected":false},"featured_media":10037,"comment_status":"open","ping_status":"closed","template":"","meta":[],"product_brand":[],"product_cat":[196,486,237],"product_tag":[],"class_list":{"0":"post-10064","1":"product","2":"type-product","3":"status-publish","4":"has-post-thumbnail","6":"product_cat-coussins-decoratifs","7":"product_cat-uaz-fr","8":"product_cat-voiture","10":"first","11":"instock","12":"taxable","13":"shipping-taxable","14":"purchasable","15":"product-type-variable","16":"has-default-attributes"},"_links":{"self":[{"href":"https:\/\/prenova.vrumvrum.si\/fr\/wp-json\/wp\/v2\/product\/10064","targetHints":{"allow":["GET"]}}],"collection":[{"href":"https:\/\/prenova.vrumvrum.si\/fr\/wp-json\/wp\/v2\/product"}],"about":[{"href":"https:\/\/prenova.vrumvrum.si\/fr\/wp-json\/wp\/v2\/types\/product"}],"replies":[{"embeddable":true,"href":"https:\/\/prenova.vrumvrum.si\/fr\/wp-json\/wp\/v2\/comments?post=10064"}],"wp:featuredmedia":[{"embeddable":true,"href":"https:\/\/prenova.vrumvrum.si\/fr\/wp-json\/wp\/v2\/media\/10037"}],"wp:attachment":[{"href":"https:\/\/prenova.vrumvrum.si\/fr\/wp-json\/wp\/v2\/media?parent=10064"}],"wp:term":[{"taxonomy":"product_brand","embeddable":true,"href":"https:\/\/prenova.vrumvrum.si\/fr\/wp-json\/wp\/v2\/product_brand?post=10064"},{"taxonomy":"product_cat","embeddable":true,"href":"https:\/\/prenova.vrumvrum.si\/fr\/wp-json\/wp\/v2\/product_cat?post=10064"},{"taxonomy":"product_tag","embeddable":true,"href":"https:\/\/prenova.vrumvrum.si\/fr\/wp-json\/wp\/v2\/product_tag?post=10064"}],"curies":[{"name":"wp","href":"https:\/\/api.w.org\/{rel}","templated":true}]}}